{"id":9,"date":"2021-05-25T20:39:47","date_gmt":"2021-05-25T20:39:47","guid":{"rendered":"https:\/\/ehybrid.md\/?page_id=9"},"modified":"2022-04-17T13:01:30","modified_gmt":"2022-04-17T13:01:30","slug":"de-ce-sa-alegi-ehybrid-md","status":"publish","type":"page","link":"https:\/\/ehybrid.md\/","title":{"rendered":"De ce s\u0103 alegi eHybrid.md?"},"content":{"rendered":"\n<div class=\"wp-block-columns is-layout-flex wp-container-core-columns-is-layout-9d6595d7 wp-block-columns-is-layout-flex\">\n<div class=\"wp-block-column is-layout-flow wp-block-column-is-layout-flow\">\n<div class=\"wp-block-image\"><figure class=\"aligncenter size-large\"><img loading=\"lazy\" decoding=\"async\" width=\"400\" height=\"400\" src=\"https:\/\/ehybrid.md\/wp-content\/uploads\/2021\/05\/548a7f_dd830efd28744ea5bedf73697df6ae41.gif\" alt=\"\" class=\"wp-image-166\"\/><figcaption><strong>Peste 7 ani experien\u021b\u0103<\/strong><\/figcaption><\/figure><\/div>\n<\/div>\n\n\n\n<div class=\"wp-block-column is-layout-flow wp-block-column-is-layout-flow\">\n<figure class=\"wp-block-image size-large\"><img loading=\"lazy\" decoding=\"async\" width=\"400\" height=\"400\" src=\"https:\/\/ehybrid.md\/wp-content\/uploads\/2021\/05\/548a7f_fbb07d3fdae947de80b4f07ab5ed96ff.gif\" alt=\"\" class=\"wp-image-167\"\/><figcaption><strong>Diagnostic\u0103 gratuit\u0103<\/strong><\/figcaption><\/figure>\n<\/div>\n\n\n\n<div class=\"wp-block-column is-layout-flow wp-block-column-is-layout-flow\">\n<figure class=\"wp-block-image size-large\"><img loading=\"lazy\" decoding=\"async\" width=\"400\" height=\"400\" src=\"https:\/\/ehybrid.md\/wp-content\/uploads\/2021\/05\/548a7f_dece80c121f9407896aded8b1a82ba90.gif\" alt=\"\" class=\"wp-image-168\"\/><figcaption><strong>Livrare \u00een aceea\u0219i zi<\/strong><\/figcaption><\/figure>\n<\/div>\n\n\n\n<div class=\"wp-block-column is-layout-flow wp-block-column-is-layout-flow\">\n<figure class=\"wp-block-image size-large\"><img loading=\"lazy\" decoding=\"async\" width=\"400\" height=\"400\" src=\"https:\/\/ehybrid.md\/wp-content\/uploads\/2021\/05\/548a7f_3cb8f7126a3e45a48be7deaa1ef6a2a8.gif\" alt=\"\" class=\"wp-image-169\"\/><figcaption><strong>Servicii la cheie<\/strong><\/figcaption><\/figure>\n<\/div>\n\n\n\n<div class=\"wp-block-column is-layout-flow wp-block-column-is-layout-flow\">\n<figure class=\"wp-block-image size-large\"><img loading=\"lazy\" decoding=\"async\" width=\"400\" height=\"400\" src=\"https:\/\/ehybrid.md\/wp-content\/uploads\/2021\/05\/548a7f_5429fc469c254739aee37fd14e708bed.gif\" alt=\"\" class=\"wp-image-170\"\/><figcaption><strong>Testare rezultat<\/strong><\/figcaption><\/figure>\n<\/div>\n<\/div>\n\n\n\n<div class=\"wp-block-group alignfull has-background\" style=\"background-color:#e5e9ec\"><div class=\"wp-block-group__inner-container is-layout-flow wp-block-group-is-layout-flow\">\n<div class=\"wp-block-columns is-layout-flex wp-container-core-columns-is-layout-9d6595d7 wp-block-columns-is-layout-flex\">\n<div class=\"wp-block-column is-vertically-aligned-center is-layout-flow wp-block-column-is-layout-flow\">\n<h2 class=\"wp-block-heading\">De ce EHybrid?<\/h2>\n\n\n\n<p>Aici, la eHybrid, scopul nostru este s\u0103 oferim cele mai bune servicii la cel mai bun pre\u021b. Echipa noastr\u0103 profesional\u0103 recondi\u021bioneaz\u0103 \u0219i asambleaz\u0103 toate pachetele de baterii. <\/p>\n\n\n\n<div class=\"wp-block-buttons is-horizontal is-content-justification-left is-layout-flex wp-container-core-buttons-is-layout-7e5fce0a wp-block-buttons-is-layout-flex\">\n<div class=\"wp-block-button is-style-outline is-style-outline--1\"><a class=\"wp-block-button__link\" href=\"https:\/\/ehybrid.md\/index.php\/despre\/\">Despre noi<\/a><\/div>\n<\/div>\n\n\n\n<p><\/p>\n<\/div>\n\n\n\n<div class=\"wp-block-column is-layout-flow wp-block-column-is-layout-flow\">\n<div style=\"height:48px\" aria-hidden=\"true\" class=\"wp-block-spacer\"><\/div>\n\n\n\n<figure class=\"wp-block-image size-large\"><img loading=\"lazy\" decoding=\"async\" width=\"1024\" height=\"683\" src=\"https:\/\/ehybrid.md\/wp-content\/uploads\/2021\/05\/2018ToyotaCamryXSE14_43db5c1f-6593-4554-9594-fd1c71d50095-prv-1024x683.jpeg\" alt=\"\" class=\"wp-image-45\" srcset=\"https:\/\/ehybrid.md\/wp-content\/uploads\/2021\/05\/2018ToyotaCamryXSE14_43db5c1f-6593-4554-9594-fd1c71d50095-prv-1024x683.jpeg 1024w, https:\/\/ehybrid.md\/wp-content\/uploads\/2021\/05\/2018ToyotaCamryXSE14_43db5c1f-6593-4554-9594-fd1c71d50095-prv-300x200.jpeg 300w, https:\/\/ehybrid.md\/wp-content\/uploads\/2021\/05\/2018ToyotaCamryXSE14_43db5c1f-6593-4554-9594-fd1c71d50095-prv-768x512.jpeg 768w, https:\/\/ehybrid.md\/wp-content\/uploads\/2021\/05\/2018ToyotaCamryXSE14_43db5c1f-6593-4554-9594-fd1c71d50095-prv-1536x1024.jpeg 1536w, https:\/\/ehybrid.md\/wp-content\/uploads\/2021\/05\/2018ToyotaCamryXSE14_43db5c1f-6593-4554-9594-fd1c71d50095-prv.jpeg 1680w\" sizes=\"auto, (max-width: 1024px) 100vw, 1024px\" \/><\/figure>\n<\/div>\n<\/div>\n<\/div><\/div>\n\n\n\n<div class=\"wp-block-group alignfull\"><div class=\"wp-block-group__inner-container is-layout-flow wp-block-group-is-layout-flow\">\n<div class=\"wp-block-columns are-vertically-aligned-center is-layout-flex wp-container-core-columns-is-layout-9d6595d7 wp-block-columns-is-layout-flex\">\n<div class=\"wp-block-column is-vertically-aligned-center is-layout-flow wp-block-column-is-layout-flow\">\n<div style=\"height:48px\" aria-hidden=\"true\" class=\"wp-block-spacer\"><\/div>\n\n\n\n<figure class=\"wp-block-image size-large\"><img loading=\"lazy\" decoding=\"async\" width=\"1024\" height=\"676\" src=\"https:\/\/ehybrid.md\/wp-content\/uploads\/2021\/05\/volkswagen-touareg-ehybrid-phev-exterior-hevcars-16-1024x676.jpg\" alt=\"\" class=\"wp-image-28\" srcset=\"https:\/\/ehybrid.md\/wp-content\/uploads\/2021\/05\/volkswagen-touareg-ehybrid-phev-exterior-hevcars-16-1024x676.jpg 1024w, https:\/\/ehybrid.md\/wp-content\/uploads\/2021\/05\/volkswagen-touareg-ehybrid-phev-exterior-hevcars-16-300x198.jpg 300w, https:\/\/ehybrid.md\/wp-content\/uploads\/2021\/05\/volkswagen-touareg-ehybrid-phev-exterior-hevcars-16-768x507.jpg 768w, https:\/\/ehybrid.md\/wp-content\/uploads\/2021\/05\/volkswagen-touareg-ehybrid-phev-exterior-hevcars-16-1536x1015.jpg 1536w, https:\/\/ehybrid.md\/wp-content\/uploads\/2021\/05\/volkswagen-touareg-ehybrid-phev-exterior-hevcars-16.jpg 1635w\" sizes=\"auto, (max-width: 1024px) 100vw, 1024px\" \/><\/figure>\n<\/div>\n\n\n\n<div class=\"wp-block-column is-vertically-aligned-center is-layout-flow wp-block-column-is-layout-flow\">\n<h2 class=\"wp-block-heading\">Serviciile noastre<\/h2>\n\n\n\n<p>Oferim o gam\u0103 larg\u0103 de servicii pentru a men\u021bine vehiculul dvs. hibrid ca nou. Dac\u0103 sunte\u021bi interesat de oricare dintre serviciile de mai jos, v\u0103 rug\u0103m s\u0103 ne contacta\u021bi pentru mai multe informa\u021bii sau pentru a stabili o \u00eent\u00e2lnire!<\/p>\n\n\n\n<p>Serviciu de \u00eenlocuire Baterie.<br>Serviciu de recondi\u021bionare a Bateriei.<br>Serviciul de repara\u021bie a Bateriei.<br>Serviciu de reciclare a Bateriei.<\/p>\n\n\n\n<div class=\"wp-block-buttons is-layout-flex wp-block-buttons-is-layout-flex\">\n<div class=\"wp-block-button is-style-outline is-style-outline--2\"><a class=\"wp-block-button__link\" href=\"https:\/\/ehybrid.md\/index.php\/servicii\/\">Servicii<\/a><\/div>\n<\/div>\n<\/div>\n<\/div>\n<\/div><\/div>\n\n\n\n<div class=\"wp-block-group alignfull has-black-background-color has-background\"><div class=\"wp-block-group__inner-container is-layout-flow wp-block-group-is-layout-flow\">\n<h2 class=\"has-text-align-center has-white-color has-text-color wp-block-heading\"><strong>Galerie<\/strong><\/h2>\n\n\n\n<figure class=\"wp-block-gallery aligncenter has-nested-images columns-default is-cropped wp-block-gallery-3 is-layout-flex wp-block-gallery-is-layout-flex\">\n<figure class=\"wp-block-image size-large is-style-default\"><img loading=\"lazy\" decoding=\"async\" width=\"1024\" height=\"1024\" data-id=\"255\" src=\"https:\/\/ehybrid.md\/wp-content\/uploads\/2022\/04\/photo_2021-10-08_17-14-12-1024x1024.jpg\" alt=\"\" class=\"wp-image-255\" srcset=\"https:\/\/ehybrid.md\/wp-content\/uploads\/2022\/04\/photo_2021-10-08_17-14-12-1024x1024.jpg 1024w, https:\/\/ehybrid.md\/wp-content\/uploads\/2022\/04\/photo_2021-10-08_17-14-12-300x300.jpg 300w, https:\/\/ehybrid.md\/wp-content\/uploads\/2022\/04\/photo_2021-10-08_17-14-12-150x150.jpg 150w, https:\/\/ehybrid.md\/wp-content\/uploads\/2022\/04\/photo_2021-10-08_17-14-12-768x768.jpg 768w, https:\/\/ehybrid.md\/wp-content\/uploads\/2022\/04\/photo_2021-10-08_17-14-12.jpg 1280w\" sizes=\"auto, (max-width: 1024px) 100vw, 1024px\" \/><figcaption>Lexus LS 600 H<\/figcaption><\/figure>\n\n\n\n<figure class=\"wp-block-image size-large is-style-default\"><img loading=\"lazy\" decoding=\"async\" width=\"800\" height=\"600\" data-id=\"201\" src=\"https:\/\/ehybrid.md\/wp-content\/uploads\/2021\/05\/IMG_5962.jpg\" alt=\"\" class=\"wp-image-201\" srcset=\"https:\/\/ehybrid.md\/wp-content\/uploads\/2021\/05\/IMG_5962.jpg 800w, https:\/\/ehybrid.md\/wp-content\/uploads\/2021\/05\/IMG_5962-300x225.jpg 300w, https:\/\/ehybrid.md\/wp-content\/uploads\/2021\/05\/IMG_5962-768x576.jpg 768w\" sizes=\"auto, (max-width: 800px) 100vw, 800px\" \/><figcaption>Porche Panamera 2015 Plug in <\/figcaption><\/figure>\n\n\n\n<figure class=\"wp-block-image size-large is-style-default\"><img loading=\"lazy\" decoding=\"async\" width=\"1024\" height=\"1024\" data-id=\"256\" src=\"https:\/\/ehybrid.md\/wp-content\/uploads\/2022\/04\/photo_2022-01-27_12-01-43-1024x1024.jpg\" alt=\"\" class=\"wp-image-256\" srcset=\"https:\/\/ehybrid.md\/wp-content\/uploads\/2022\/04\/photo_2022-01-27_12-01-43-1024x1024.jpg 1024w, https:\/\/ehybrid.md\/wp-content\/uploads\/2022\/04\/photo_2022-01-27_12-01-43-300x300.jpg 300w, https:\/\/ehybrid.md\/wp-content\/uploads\/2022\/04\/photo_2022-01-27_12-01-43-150x150.jpg 150w, https:\/\/ehybrid.md\/wp-content\/uploads\/2022\/04\/photo_2022-01-27_12-01-43-768x768.jpg 768w, https:\/\/ehybrid.md\/wp-content\/uploads\/2022\/04\/photo_2022-01-27_12-01-43.jpg 1280w\" sizes=\"auto, (max-width: 1024px) 100vw, 1024px\" \/><figcaption>KIA Optima 2015<\/figcaption><\/figure>\n\n\n\n<figure class=\"wp-block-image size-large is-style-default\"><img loading=\"lazy\" decoding=\"async\" width=\"650\" height=\"448\" data-id=\"203\" src=\"https:\/\/ehybrid.md\/wp-content\/uploads\/2021\/05\/index.25.jpg\" alt=\"\" class=\"wp-image-203\" srcset=\"https:\/\/ehybrid.md\/wp-content\/uploads\/2021\/05\/index.25.jpg 650w, https:\/\/ehybrid.md\/wp-content\/uploads\/2021\/05\/index.25-300x207.jpg 300w\" sizes=\"auto, (max-width: 650px) 100vw, 650px\" \/><figcaption>Toyota Prius 2007<\/figcaption><\/figure>\n\n\n\n<figure class=\"wp-block-image size-large is-style-default\"><img loading=\"lazy\" decoding=\"async\" width=\"1024\" height=\"576\" data-id=\"257\" src=\"https:\/\/ehybrid.md\/wp-content\/uploads\/2022\/04\/photo_2021-10-11_14-37-51-1024x576.jpg\" alt=\"\" class=\"wp-image-257\" srcset=\"https:\/\/ehybrid.md\/wp-content\/uploads\/2022\/04\/photo_2021-10-11_14-37-51-1024x576.jpg 1024w, https:\/\/ehybrid.md\/wp-content\/uploads\/2022\/04\/photo_2021-10-11_14-37-51-300x169.jpg 300w, https:\/\/ehybrid.md\/wp-content\/uploads\/2022\/04\/photo_2021-10-11_14-37-51-768x432.jpg 768w, https:\/\/ehybrid.md\/wp-content\/uploads\/2022\/04\/photo_2021-10-11_14-37-51.jpg 1280w\" sizes=\"auto, (max-width: 1024px) 100vw, 1024px\" \/><figcaption>Toyota Camry 2008<\/figcaption><\/figure>\n\n\n\n<figure class=\"wp-block-image size-large is-style-default\"><img loading=\"lazy\" decoding=\"async\" width=\"800\" height=\"600\" data-id=\"205\" src=\"https:\/\/ehybrid.md\/wp-content\/uploads\/2021\/05\/fordbattery.jpg\" alt=\"\" class=\"wp-image-205\" srcset=\"https:\/\/ehybrid.md\/wp-content\/uploads\/2021\/05\/fordbattery.jpg 800w, https:\/\/ehybrid.md\/wp-content\/uploads\/2021\/05\/fordbattery-300x225.jpg 300w, https:\/\/ehybrid.md\/wp-content\/uploads\/2021\/05\/fordbattery-768x576.jpg 768w\" sizes=\"auto, (max-width: 800px) 100vw, 800px\" \/><figcaption>Ford Fusion 2013<\/figcaption><\/figure>\n<\/figure>\n<\/div><\/div>\n\n\n\n<div class=\"wp-block-cover alignfull is-light has-parallax is-position-center-center\" style=\"background-image:url(https:\/\/ehybrid.md\/wp-content\/uploads\/2021\/05\/volkswagen-touareg-ehybrid-phev-exterior-hevcars-16.jpg);min-height:375px;aspect-ratio:unset;\"><span aria-hidden=\"true\" class=\"has-background-dim-40 wp-block-cover__gradient-background has-background-dim\"><\/span><div class=\"wp-block-cover__inner-container is-layout-flow wp-block-cover-is-layout-flow\">\n<p class=\"has-text-align-center has-text-color has-huge-font-size\" style=\"color:#fffffa;line-height:1.1\"><strong>Profesionalism, Calitate \u0219i Tehnologie<\/strong><\/p>\n\n\n\n<p class=\"has-text-align-center has-white-color has-text-color\">Este necesar\u0103 \u00eenlocuirea bateriei hybrid ? Noi v\u0103 putem ajuta! \u00cen loc s\u0103 trimite\u021bi bateria hibrid\u0103 la cel mai apropiat depozit de de\u0219euri, l\u0103sa\u021bi &#8220;EHYBRID&#8221; s\u0103 v\u0103 recondi\u021bioneze bateria ma\u0219inii Dvs. Ob\u021bine\u021bi performan\u021ba similar\u0103 ca o baterie nou\u0103. GARANTAT.<\/p>\n\n\n\n<div style=\"height:39px\" aria-hidden=\"true\" class=\"wp-block-spacer\"><\/div>\n\n\n\n<div class=\"wp-block-buttons is-horizontal is-content-justification-center is-layout-flex wp-container-core-buttons-is-layout-499968f5 wp-block-buttons-is-layout-flex\">\n<div class=\"wp-block-button is-style-outline is-style-outline--4\"><a class=\"wp-block-button__link has-white-color has-text-color\" href=\"https:\/\/ehybrid.md\/index.php\/contacte\/\">Contacteaz\u0103-ne<\/a><\/div>\n<\/div>\n<\/div><\/div>\n\n\n\n<p><\/p>\n","protected":false},"excerpt":{"rendered":"<p>De ce EHybrid? Aici, la eHybrid, scopul nostru este s\u0103 oferim cele mai bune servicii la cel mai bun pre\u021b. Echipa noastr\u0103 profesional\u0103 recondi\u021bioneaz\u0103 \u0219i asambleaz\u0103 toate pachetele de baterii. Serviciile noastre Oferim o gam\u0103 larg\u0103 de servicii pentru a men\u021bine vehiculul dvs. hibrid ca nou. Dac\u0103 sunte\u021bi interesat de oricare dintre serviciile de mai &hellip; <\/p>\n<p class=\"link-more\"><a href=\"https:\/\/ehybrid.md\/\" class=\"more-link\">Read more<span class=\"screen-reader-text\"> &#8220;De ce s\u0103 alegi eHybrid.md?&#8221;<\/span><\/a><\/p>\n","protected":false},"author":1,"featured_media":22,"parent":0,"menu_order":0,"comment_status":"closed","ping_status":"closed","template":"","meta":{"footnotes":""},"class_list":["post-9","page","type-page","status-publish","has-post-thumbnail","hentry"],"_links":{"self":[{"href":"https:\/\/ehybrid.md\/index.php\/wp-json\/wp\/v2\/pages\/9","targetHints":{"allow":["GET"]}}],"collection":[{"href":"https:\/\/ehybrid.md\/index.php\/wp-json\/wp\/v2\/pages"}],"about":[{"href":"https:\/\/ehybrid.md\/index.php\/wp-json\/wp\/v2\/types\/page"}],"author":[{"embeddable":true,"href":"https:\/\/ehybrid.md\/index.php\/wp-json\/wp\/v2\/users\/1"}],"replies":[{"embeddable":true,"href":"https:\/\/ehybrid.md\/index.php\/wp-json\/wp\/v2\/comments?post=9"}],"version-history":[{"count":20,"href":"https:\/\/ehybrid.md\/index.php\/wp-json\/wp\/v2\/pages\/9\/revisions"}],"predecessor-version":[{"id":260,"href":"https:\/\/ehybrid.md\/index.php\/wp-json\/wp\/v2\/pages\/9\/revisions\/260"}],"wp:featuredmedia":[{"embeddable":true,"href":"https:\/\/ehybrid.md\/index.php\/wp-json\/wp\/v2\/media\/22"}],"wp:attachment":[{"href":"https:\/\/ehybrid.md\/index.php\/wp-json\/wp\/v2\/media?parent=9"}],"curies":[{"name":"wp","href":"https:\/\/api.w.org\/{rel}","templated":true}]}}