{"id":10,"date":"2021-05-25T20:39:47","date_gmt":"2021-05-25T20:39:47","guid":{"rendered":"https:\/\/ehybrid.md\/?page_id=10"},"modified":"2021-06-06T06:53:11","modified_gmt":"2021-06-06T06:53:11","slug":"despre","status":"publish","type":"page","link":"https:\/\/ehybrid.md\/index.php\/despre\/","title":{"rendered":"Despre"},"content":{"rendered":"\n<div class=\"wp-block-group\"><div class=\"wp-block-group__inner-container is-layout-flow wp-block-group-is-layout-flow\">\n<div class=\"wp-block-columns is-layout-flex wp-container-core-columns-is-layout-9d6595d7 wp-block-columns-is-layout-flex\">\n<div class=\"wp-block-column is-layout-flow wp-block-column-is-layout-flow\" style=\"flex-basis:100%\">\n<div class=\"wp-block-columns has-black-color has-white-background-color has-text-color has-background is-layout-flex wp-container-core-columns-is-layout-9d6595d7 wp-block-columns-is-layout-flex\">\n<div class=\"wp-block-column is-layout-flow wp-block-column-is-layout-flow\">\n<figure class=\"wp-block-image size-large is-style-rounded\"><img loading=\"lazy\" decoding=\"async\" width=\"1024\" height=\"683\" src=\"https:\/\/ehybrid.md\/wp-content\/uploads\/2021\/05\/Cine-suntem-1024x683.png\" alt=\"\" class=\"wp-image-158\" srcset=\"https:\/\/ehybrid.md\/wp-content\/uploads\/2021\/05\/Cine-suntem-1024x683.png 1024w, https:\/\/ehybrid.md\/wp-content\/uploads\/2021\/05\/Cine-suntem-300x200.png 300w, https:\/\/ehybrid.md\/wp-content\/uploads\/2021\/05\/Cine-suntem-768x512.png 768w, https:\/\/ehybrid.md\/wp-content\/uploads\/2021\/05\/Cine-suntem-1536x1024.png 1536w, https:\/\/ehybrid.md\/wp-content\/uploads\/2021\/05\/Cine-suntem.png 1800w\" sizes=\"auto, (max-width: 1024px) 100vw, 1024px\" \/><figcaption>Suntem o echip\u0103 mic\u0103 de profesioni\u0219ti \u0219i avem drept scop recondi\u021bionare oricarui tip de baterii hybrid \u0219i nu numai. Am acumulat experien\u021ba necesar\u0103 \u0219i ne-am decis s\u0103 dezvolt\u0103m aceast\u0103 sfer\u0103 de servicii pe gam\u0103 larg\u0103.<\/figcaption><\/figure>\n<\/div>\n\n\n\n<div class=\"wp-block-column is-layout-flow wp-block-column-is-layout-flow\">\n<figure class=\"wp-block-image size-large is-style-rounded\"><img loading=\"lazy\" decoding=\"async\" width=\"1024\" height=\"683\" src=\"https:\/\/ehybrid.md\/wp-content\/uploads\/2021\/05\/De-ce-noi-1024x683.png\" alt=\"\" class=\"wp-image-159\" srcset=\"https:\/\/ehybrid.md\/wp-content\/uploads\/2021\/05\/De-ce-noi-1024x683.png 1024w, https:\/\/ehybrid.md\/wp-content\/uploads\/2021\/05\/De-ce-noi-300x200.png 300w, https:\/\/ehybrid.md\/wp-content\/uploads\/2021\/05\/De-ce-noi-768x512.png 768w, https:\/\/ehybrid.md\/wp-content\/uploads\/2021\/05\/De-ce-noi-1536x1024.png 1536w, https:\/\/ehybrid.md\/wp-content\/uploads\/2021\/05\/De-ce-noi.png 1800w\" sizes=\"auto, (max-width: 1024px) 100vw, 1024px\" \/><figcaption>De aproape 7 ani oferim servicii de calitate la pre\u021buri avantajoase, oferind clien\u021bilor no\u0219tri oferte de nerefuzat. Pentru orice interven\u021bie \u00ee\u021bi oferim garan\u021bie cel pu\u021bin 1 an, f\u0103r\u0103 limit\u0103 de kilometri.<\/figcaption><\/figure>\n<\/div>\n\n\n\n<div class=\"wp-block-column is-layout-flow wp-block-column-is-layout-flow\">\n<figure class=\"wp-block-image size-large is-style-rounded\"><img loading=\"lazy\" decoding=\"async\" width=\"1024\" height=\"683\" src=\"https:\/\/ehybrid.md\/wp-content\/uploads\/2021\/05\/Avantaje-1024x683.png\" alt=\"\" class=\"wp-image-157\" srcset=\"https:\/\/ehybrid.md\/wp-content\/uploads\/2021\/05\/Avantaje-1024x683.png 1024w, https:\/\/ehybrid.md\/wp-content\/uploads\/2021\/05\/Avantaje-300x200.png 300w, https:\/\/ehybrid.md\/wp-content\/uploads\/2021\/05\/Avantaje-768x512.png 768w, https:\/\/ehybrid.md\/wp-content\/uploads\/2021\/05\/Avantaje-1536x1024.png 1536w, https:\/\/ehybrid.md\/wp-content\/uploads\/2021\/05\/Avantaje.png 1800w\" sizes=\"auto, (max-width: 1024px) 100vw, 1024px\" \/><figcaption>Echipa noastr\u0103 de tehnicieni este specializat\u0103 \u00een industria acumulatorilor hibrizi de \u00eenalta performan\u021b\u0103 ,fiind totodata dedicat\u0103 s\u0103 r\u0103m\u00e2n\u0103 \u00eenaintea celor mai noi tehnologii.<\/figcaption><\/figure>\n<\/div>\n\n\n\n<div class=\"wp-block-column is-layout-flow wp-block-column-is-layout-flow\">\n<figure class=\"wp-block-image size-large is-style-rounded\"><img loading=\"lazy\" decoding=\"async\" width=\"1024\" height=\"683\" src=\"https:\/\/ehybrid.md\/wp-content\/uploads\/2021\/05\/Evolut\u0326ie-1024x683.png\" alt=\"\" class=\"wp-image-160\" srcset=\"https:\/\/ehybrid.md\/wp-content\/uploads\/2021\/05\/Evolut\u0326ie-1024x683.png 1024w, https:\/\/ehybrid.md\/wp-content\/uploads\/2021\/05\/Evolut\u0326ie-300x200.png 300w, https:\/\/ehybrid.md\/wp-content\/uploads\/2021\/05\/Evolut\u0326ie-768x512.png 768w, https:\/\/ehybrid.md\/wp-content\/uploads\/2021\/05\/Evolut\u0326ie-1536x1024.png 1536w, https:\/\/ehybrid.md\/wp-content\/uploads\/2021\/05\/Evolut\u0326ie.png 1800w\" sizes=\"auto, (max-width: 1024px) 100vw, 1024px\" \/><figcaption>Noi c\u0103utam mereu procese \u0219i sisteme pentru \u00eembun\u0103t\u0103\u021birea bateriilor. Linia noastr\u0103 de \u00eenalt\u0103 calitate se adreseaz\u0103 oricarui model de autoturism hybrid.<\/figcaption><\/figure>\n<\/div>\n<\/div>\n<\/div>\n<\/div>\n<\/div><\/div>\n\n\n\n<div class=\"wp-block-group\"><div class=\"wp-block-group__inner-container is-layout-flow wp-block-group-is-layout-flow\">\n<div class=\"wp-block-group is-layout-flow wp-block-group-is-layout-flow\"><div class=\"wp-block-group__inner-container\"><\/div><\/div>\n<\/div><\/div>\n\n\n\n<p><\/p>\n","protected":false},"excerpt":{"rendered":"","protected":false},"author":1,"featured_media":0,"parent":0,"menu_order":0,"comment_status":"closed","ping_status":"closed","template":"","meta":{"footnotes":""},"class_list":["post-10","page","type-page","status-publish","hentry"],"_links":{"self":[{"href":"https:\/\/ehybrid.md\/index.php\/wp-json\/wp\/v2\/pages\/10","targetHints":{"allow":["GET"]}}],"collection":[{"href":"https:\/\/ehybrid.md\/index.php\/wp-json\/wp\/v2\/pages"}],"about":[{"href":"https:\/\/ehybrid.md\/index.php\/wp-json\/wp\/v2\/types\/page"}],"author":[{"embeddable":true,"href":"https:\/\/ehybrid.md\/index.php\/wp-json\/wp\/v2\/users\/1"}],"replies":[{"embeddable":true,"href":"https:\/\/ehybrid.md\/index.php\/wp-json\/wp\/v2\/comments?post=10"}],"version-history":[{"count":57,"href":"https:\/\/ehybrid.md\/index.php\/wp-json\/wp\/v2\/pages\/10\/revisions"}],"predecessor-version":[{"id":227,"href":"https:\/\/ehybrid.md\/index.php\/wp-json\/wp\/v2\/pages\/10\/revisions\/227"}],"wp:attachment":[{"href":"https:\/\/ehybrid.md\/index.php\/wp-json\/wp\/v2\/media?parent=10"}],"curies":[{"name":"wp","href":"https:\/\/api.w.org\/{rel}","templated":true}]}}